{"id":22164,"date":"2021-10-12T16:27:24","date_gmt":"2021-10-12T16:27:24","guid":{"rendered":"http:\/\/dummy.xtemos.com\/woodmart2\/elementor\/?page_id=4439"},"modified":"2024-10-03T15:39:48","modified_gmt":"2024-10-03T20:39:48","slug":"contacto","status":"publish","type":"page","link":"https:\/\/bodegamoda.com\/index.php\/contacto\/","title":{"rendered":"Contacto"},"content":{"rendered":"\t\t<div data-elementor-type=\"wp-page\" data-elementor-id=\"22164\" class=\"elementor elementor-22164\">\n\t\t\t\t\t\t<section class=\"elementor-section elementor-top-section elementor-element elementor-element-e19cf10 wd-section-stretch elementor-section-boxed elementor-section-height-default elementor-section-height-default\" data-id=\"e19cf10\" data-element_type=\"section\" data-e-type=\"section\" data-settings=\"{&quot;background_background&quot;:&quot;classic&quot;}\">\n\t\t\t\t\t\t\t<div class=\"elementor-background-overlay\"><\/div>\n\t\t\t\t\t\t\t<div class=\"elementor-container elementor-column-gap-default\">\n\t\t\t\t\t<div class=\"elementor-column elementor-col-100 elementor-top-column elementor-element elementor-element-6573926\" data-id=\"6573926\" data-element_type=\"column\" data-e-type=\"column\">\n\t\t\t<div class=\"elementor-widget-wrap elementor-element-populated\">\n\t\t\t\t\t\t<div class=\"elementor-element elementor-element-13b2fe1 elementor-widget elementor-widget-shortcode\" data-id=\"13b2fe1\" data-element_type=\"widget\" data-e-type=\"widget\" data-widget_type=\"shortcode.default\">\n\t\t\t\t<div class=\"elementor-widget-container\">\n\t\t\t\t\t\t\t<div class=\"elementor-shortcode\">    <style>\n        @media (max-width: 768px) {\n            .contact-container {\n                flex-direction: column !important;\n            }\n            .contact-form, .contact-info {\n                width: 100% !important;\n            }\n            .contact-info {\n                order: -1; \/* Esto mover\u00e1 la informaci\u00f3n de contacto al principio *\/\n                margin-bottom: 20px;\n            }\n        }\n    <\/style>\n\n    <div class=\"contact-container\" style=\"display: flex; justify-content: space-between; max-width: 1200px; margin: auto; background-color: black; padding: 20px; border: 1px solid #e5ff00;\">\n        \n        <!-- Formulario de contacto -->\n        <div class=\"contact-form\" style=\"width: 48%;\">\n            <form action=\"\/index.php\/wp-json\/wp\/v2\/pages\/22164\" method=\"post\">\n                <div style=\"margin-bottom: 15px;\">\n                    <label for=\"name\" style=\"color: white;\">Nombre<\/label><br>\n                    <input type=\"text\" name=\"cf-name\" value=\"\" size=\"40\" style=\"width: 100%; padding: 8px; border: 1px solid #e5ff00; background-color: black; color: white;\">\n                <\/div>\n                <div style=\"margin-bottom: 15px;\">\n                    <label for=\"email\" style=\"color: white;\">Correo Electr\u00f3nico<\/label><br>\n                    <input type=\"email\" name=\"cf-email\" value=\"\" size=\"40\" style=\"width: 100%; padding: 8px; border: 1px solid #e5ff00; background-color: black; color: white;\">\n                <\/div>\n                <div style=\"margin-bottom: 15px;\">\n                    <label for=\"message\" style=\"color: white;\">Mensaje<\/label><br>\n                    <textarea name=\"cf-message\" rows=\"4\" style=\"width: 100%; height: 80px; min-height: 80px; max-height: 200px; padding: 8px; border: 1px solid #e5ff00; background-color: black; color: white; resize: vertical;\"><\/textarea>\n                <\/div>\n                <p>\n                    <input type=\"submit\" name=\"cf-submitted\" value=\"Enviar\" style=\"background-color: #e5ff00; color: black; padding: 10px 20px; border: none; cursor: pointer;\">\n                <\/p>\n            <\/form>\n        <\/div>\n\n        <!-- Informaci\u00f3n adicional, t\u00edtulo y p\u00e1rrafo -->\n        <div class=\"contact-info\" style=\"width: 48%; color: white;\">\n            <!-- T\u00edtulo principal (H1) -->\n            <h1 style=\"color: #e5ff00;\">Estamos aqu\u00ed para ayudarte<\/h1>\n            <!-- Texto introductorio breve -->\n            <p>Si tienes alguna pregunta o necesitas asistencia, no dudes en ponerte en contacto con nosotros. Queremos asegurarnos de que tengas la mejor experiencia posible.<\/p>\n            <!-- Secci\u00f3n de informaci\u00f3n adicional -->\n            <h2 style=\"color: #e5ff00;\">Cont\u00e1ctanos directamente<\/h2>\n            <p>Si prefieres hablar con nosotros directamente, puedes llamarnos o escribirnos a:<\/p>\n\n            <!-- Tel\u00e9fonos con iconos de WhatsApp -->\n            <p>\n                <a href=\"https:\/\/wa.link\/d0fdvo\" target=\"_blank\" style=\"color: white; text-decoration: none;\">\n                    <i class=\"fab fa-whatsapp\" style=\"color: #e5ff00; font-size: 24px; margin-right: 10px;\"><\/i>WhatsApp 1\n                <\/a>\n            <\/p>\n            <p>\n                <a href=\"https:\/\/wa.link\/ukeppj\" target=\"_blank\" style=\"color: white; text-decoration: none;\">\n                    <i class=\"fab fa-whatsapp\" style=\"color: #e5ff00; font-size: 24px; margin-right: 10px;\"><\/i>WhatsApp 2\n                <\/a>\n            <\/p>\n\n            <!-- Redes sociales con icono de Instagram -->\n            <p>\n                <a href=\"https:\/\/www.instagram.com\/bodegatenisoficial\/\" target=\"_blank\" style=\"color: white; text-decoration: none;\">\n                    <i class=\"fab fa-instagram\" style=\"color: #e5ff00; font-size: 24px; margin-right: 10px;\"><\/i>Instagram\n                <\/a>\n            <\/p>\n        <\/div>\n    <\/div>\n\n    <\/div>\n\t\t\t\t\t\t<\/div>\n\t\t\t\t<\/div>\n\t\t\t\t\t<\/div>\n\t\t<\/div>\n\t\t\t\t\t<\/div>\n\t\t<\/section>\n\t\t\t\t<section class=\"elementor-section elementor-top-section elementor-element elementor-element-cb378f8 wd-section-stretch elementor-section-boxed elementor-section-height-default elementor-section-height-default\" data-id=\"cb378f8\" data-element_type=\"section\" data-e-type=\"section\" data-settings=\"{&quot;background_background&quot;:&quot;classic&quot;}\">\n\t\t\t\t\t\t\t<div class=\"elementor-background-overlay\"><\/div>\n\t\t\t\t\t\t\t<div class=\"elementor-container elementor-column-gap-default\">\n\t\t\t\t\t<div class=\"elementor-column elementor-col-100 elementor-top-column elementor-element elementor-element-5dacb6e\" data-id=\"5dacb6e\" data-element_type=\"column\" data-e-type=\"column\">\n\t\t\t<div class=\"elementor-widget-wrap elementor-element-populated\">\n\t\t\t\t\t\t<div class=\"elementor-element elementor-element-d011130 elementor-widget elementor-widget-shortcode\" data-id=\"d011130\" data-element_type=\"widget\" data-e-type=\"widget\" data-widget_type=\"shortcode.default\">\n\t\t\t\t<div class=\"elementor-widget-container\">\n\t\t\t\t\t\t\t<div class=\"elementor-shortcode\"><iframe data-src=\"https:\/\/www.google.com\/maps\/embed?pb=!1m18!1m12!1m3!1d20137.268067383222!2d-76.52203156671938!3d3.365351061363493!2m3!1f0!2f0!3f0!3m2!1i1024!2i768!4f13.1!3m3!1m2!1s0x8e30a1f08379815b%3A0xfe5e2651eec27162!2sBodegatenis!5e0!3m2!1ses!2sco!4v1727987478612!5m2!1ses!2sco\" width=\"600\" height=\"450\" style=\"border:0;\" allowfullscreen=\"\" referrerpolicy=\"no-referrer-when-downgrade\" src=\"data:image\/svg+xml;base64,PHN2ZyB3aWR0aD0iMSIgaGVpZ2h0PSIxIiB4bWxucz0iaHR0cDovL3d3dy53My5vcmcvMjAwMC9zdmciPjwvc3ZnPg==\" class=\"lazyload\" data-load-mode=\"1\"><\/iframe><\/div>\n\t\t\t\t\t\t<\/div>\n\t\t\t\t<\/div>\n\t\t\t\t\t<\/div>\n\t\t<\/div>\n\t\t\t\t\t<\/div>\n\t\t<\/section>\n\t\t\t\t<\/div>\n\t\t","protected":false},"excerpt":{"rendered":"","protected":false},"author":313,"featured_media":0,"parent":0,"menu_order":0,"comment_status":"closed","ping_status":"closed","template":"","meta":{"footnotes":""},"class_list":["post-22164","page","type-page","status-publish","hentry"],"jetpack_sharing_enabled":true,"_links":{"self":[{"href":"https:\/\/bodegamoda.com\/index.php\/wp-json\/wp\/v2\/pages\/22164","targetHints":{"allow":["GET"]}}],"collection":[{"href":"https:\/\/bodegamoda.com\/index.php\/wp-json\/wp\/v2\/pages"}],"about":[{"href":"https:\/\/bodegamoda.com\/index.php\/wp-json\/wp\/v2\/types\/page"}],"author":[{"embeddable":true,"href":"https:\/\/bodegamoda.com\/index.php\/wp-json\/wp\/v2\/users\/313"}],"replies":[{"embeddable":true,"href":"https:\/\/bodegamoda.com\/index.php\/wp-json\/wp\/v2\/comments?post=22164"}],"version-history":[{"count":25,"href":"https:\/\/bodegamoda.com\/index.php\/wp-json\/wp\/v2\/pages\/22164\/revisions"}],"predecessor-version":[{"id":23003,"href":"https:\/\/bodegamoda.com\/index.php\/wp-json\/wp\/v2\/pages\/22164\/revisions\/23003"}],"wp:attachment":[{"href":"https:\/\/bodegamoda.com\/index.php\/wp-json\/wp\/v2\/media?parent=22164"}],"curies":[{"name":"wp","href":"https:\/\/api.w.org\/{rel}","templated":true}]}}